{"id":895,"date":"2024-12-13T11:55:13","date_gmt":"2024-12-13T11:55:13","guid":{"rendered":"https:\/\/kachelofen.biofire.com\/?page_id=895"},"modified":"2025-03-25T18:47:49","modified_gmt":"2025-03-25T18:47:49","slug":"kontakt","status":"publish","type":"page","link":"https:\/\/kachelofen.biofire.com\/pl\/kontakt\/","title":{"rendered":"Kontakt"},"content":{"rendered":"\t\t<div data-elementor-type=\"wp-page\" data-elementor-id=\"895\" class=\"elementor elementor-895 elementor-825\" data-elementor-post-type=\"page\">\n\t\t\t\t<div class=\"elementor-element elementor-element-689d758 e-flex e-con-boxed e-con e-parent\" data-id=\"689d758\" data-element_type=\"container\">\n\t\t\t\t\t<div class=\"e-con-inner\">\n\t\t\t\t<div class=\"elementor-element elementor-element-9b0f45c elementor-widget elementor-widget-heading\" data-id=\"9b0f45c\" data-element_type=\"widget\" data-widget_type=\"heading.default\">\n\t\t\t\t<div class=\"elementor-widget-container\">\n\t\t\t\t\t<h1 class=\"elementor-heading-title elementor-size-default\">Kontakt<\/h1>\t\t\t\t<\/div>\n\t\t\t\t<\/div>\n\t\t\t\t<div class=\"elementor-element elementor-element-1481fff elementor-widget elementor-widget-text-editor\" data-id=\"1481fff\" data-element_type=\"widget\" data-widget_type=\"text-editor.default\">\n\t\t\t\t<div class=\"elementor-widget-container\">\n\t\t\t\t\t\t\t\t\t<p class=\"p1\"><span class=\"s1\"><br \/><b>Obowi\u0105zki informacyjne dostawcy<\/b><br \/><\/span><\/p><p class=\"p2\"><span class=\"s2\">Superfire Kamine- Vertriebs GmbH<\/span><br \/><span class=\"s2\">Mozartstrasse 2<\/span><br \/><span class=\"s2\">83435 Bad Reichenhall<\/span><\/p><p class=\"p1\"><span class=\"s1\"><br \/><b>Reprezentowane przez:<\/b><br \/><\/span><\/p><p class=\"p1\"><span class=\"s1\">Dyrektora zarz\u0105dzaj\u0105cego: Herbert Spirk<\/span><\/p><p class=\"p1\"><span class=\"s1\"><br \/><b>Kontakt:<\/b><br \/><\/span><\/p><p class=\"p2\"><span class=\"s2\">Tel. Freecall: 0800 \u2013 8334380<\/span><br \/><span class=\"s2\">Fax. Feefax: 0800 \u2013 8334440<\/span><br \/><span class=\"s2\">e-mail: zentrale-salzburg@biofire.at<\/span><br \/><span class=\"s2\">strona internetowa:\u00a0 <a href=\"http:\/\/www.biofire.at\/\"><br \/><span class=\"s3\">www.biofire.at<\/span><br \/><\/a><br \/><\/span><\/p><p class=\"p1\"><span class=\"s1\"><br \/><b>Rejestr handlowy:<\/b><br \/><\/span><\/p><p class=\"p2\"><span class=\"s2\">Numer rejestru handlowego: HRB 1305<\/span><br \/><span class=\"s2\">S\u0105d: S\u0105d Rejonowy w Traunstein<\/span><\/p><p class=\"p1\"><span class=\"s1\"><br \/><b>Numer identyfikacji podatkowej:<\/b><br \/><\/span><\/p><p class=\"p2\"><span class=\"s2\">UID-Nr. DE 131563635<\/span><br \/><span class=\"s2\">Numer podatkowy: 163\/137\/90057<\/span><\/p><p class=\"p1\"><span class=\"s1\"><br \/><b>Zrzeczenie si\u0119 odpowiedzialno\u015bci (Disclaimer):<\/b><br \/><\/span><\/p><p class=\"p1\"><span class=\"s1\">Odpowiedzialno\u015b\u0107 za tre\u015bci<\/span><\/p><p class=\"p1\"><span class=\"s1\">Jako dostawca us\u0142ug jeste\u015bmy odpowiedzialni za w\u0142asne tre\u015bci na tych stronach zgodnie z \u00a7 7 ust. 1 TMG (niemiecka ustawa o us\u0142ugach elektronicznych) zgodnie z og\u00f3lnymi przepisami prawa. Zgodnie z \u00a7\u00a7 8 do 10 TMG jako dostawca us\u0142ug nie jeste\u015bmy jednak zobowi\u0105zani do monitorowania przekazywanych lub przechowywanych informacji os\u00f3b trzecich ani do poszukiwania okoliczno\u015bci, kt\u00f3re wskazywa\u0142yby na dzia\u0142alno\u015b\u0107 niezgodn\u0105 z prawem. Obowi\u0105zki usuni\u0119cia lub zablokowania dost\u0119pu do informacji zgodnie z og\u00f3lnymi przepisami prawa pozostaj\u0105 nienaruszone. Odpowiedzialno\u015b\u0107 za tego rodzaju tre\u015bci mo\u017ce powsta\u0107 dopiero po uzyskaniu wiadomo\u015bci o konkretnej naruszonej normie prawnej. W przypadku uzyskania informacji o takim naruszeniu, niezw\u0142ocznie usuniemy te tre\u015bci.<\/span><\/p><p class=\"p1\"><span class=\"s1\">Odpowiedzialno\u015b\u0107 za linki<\/span><\/p><p class=\"p1\"><span class=\"s1\">Nasza oferta zawiera linki do zewn\u0119trznych stron internetowych os\u00f3b trzecich, na kt\u00f3re nie mamy wp\u0142ywu. Z tego powodu nie mo\u017cemy ponosi\u0107 odpowiedzialno\u015bci za tre\u015bci tych stron. Za tre\u015bci stron, do kt\u00f3rych prowadz\u0105 linki, zawsze odpowiada odpowiedni dostawca lub operator strony. Linkowane strony by\u0142y sprawdzane pod k\u0105tem ewentualnych narusze\u0144 prawa w momencie ich linkowania. W chwili linkowania na stronach nie by\u0142y widoczne nielegalne tre\u015bci. Jednak\u017ce, sta\u0142a kontrola zawarto\u015bci linkowanych stron nie jest mo\u017cliwa bez konkretnych wskaz\u00f3wek na naruszenie prawa. W przypadku uzyskania informacji o naruszeniu prawa, niezw\u0142ocznie usuniemy takie linki.<\/span><\/p><p class=\"p1\"><span class=\"s1\">Prawa autorskie<\/span><\/p><p class=\"p1\"><span class=\"s1\">Tre\u015bci i utwory stworzone przez operator\u00f3w strony podlegaj\u0105 niemieckiemu prawu autorskiemu. Reprodukcja, edycja, dystrybucja oraz ka\u017cda forma wykorzystywania poza granicami prawa autorskiego wymaga pisemnej zgody odpowiedniego autora lub tw\u00f3rcy. Pobieranie i kopiowanie strony jest dozwolone wy\u0142\u0105cznie do u\u017cytku osobistego, niemaj\u0105cego charakteru komercyjnego. Je\u015bli tre\u015bci na tej stronie nie zosta\u0142y stworzone przez operatora, respektowane s\u0105 prawa autorskie os\u00f3b trzecich. Szczeg\u00f3lnie tre\u015bci os\u00f3b trzecich s\u0105 odpowiednio oznaczone. Je\u015bli mimo to zauwa\u017cysz naruszenie praw autorskich, prosimy o informacj\u0119. W przypadku uzyskania informacji o naruszeniu praw, niezw\u0142ocznie usuniemy te tre\u015bci.<\/span><\/p><p class=\"p3\"><span class=\"s1\">\u0179r\u00f3d\u0142a obraz\u00f3w i grafik:<\/span><\/p><p class=\"p3\"><span class=\"s1\">Prawa autorskie do zdj\u0119\u0107: \u00a9 Karin &amp; Uwe Annas-, \u00a9 Franco Nadalin-, \u00a9 Richard Guryca-, \u00a9 Picture-Factory-, \u00a9 Marta&amp;Cla-, \u00a9 virtua73-, \u00a9 endrews21-, \u00a9 cmnaumann-, \u00a9 Rawpixel.com-, \u00a9 Teodora_D-, \u00a9 arsdigital-, \u00a9 prescott09-, \u00a9 snyGGG-, \u00a9 SkyLine\u2013, \u00a9 maho-, \u00a9 martialred-, \u00a9 fokas.pokas-, \u00a9 AK-DigiArt-, \u00a9 Alexander Raths-, \u00a9 cmnaumann-, \u00a9 volff-, \u00a9 Zerbor-, \u00a9 Jag_cz-, \u00a9 goodluz-, \u00a9 fotomek-, \u00a9 fotoknips-, \u00a9 emuck-, \u00a9 Andriy Bezuglov-, \u00a9 Kzenon-, \u00a9 nimranairpuk-, \u00a9 slavun-, \u00a9 glebchik-, \u00a9 Britta Laser-, wszystkie \u2013 Fotolia.com<\/span><\/p>\t\t\t\t\t\t\t\t<\/div>\n\t\t\t\t<\/div>\n\t\t\t\t\t<\/div>\n\t\t\t\t<\/div>\n\t\t\t\t<\/div>\n\t\t","protected":false},"excerpt":{"rendered":"<p>Kontakt Obowi\u0105zki informacyjne dostawcy Superfire Kamine- Vertriebs GmbH Mozartstrasse 2 83435 Bad Reichenhall Reprezentowane przez: Dyrektora zarz\u0105dzaj\u0105cego: Herbert Spirk Kontakt: Tel. Freecall: 0800 \u2013 8334380 Fax. Feefax: 0800 \u2013 8334440 e-mail: zentrale-salzburg@biofire.at strona internetowa:\u00a0 www.biofire.at Rejestr handlowy: Numer rejestru handlowego: HRB 1305 S\u0105d: S\u0105d Rejonowy w Traunstein Numer identyfikacji podatkowej: UID-Nr. DE 131563635 Numer podatkowy: [&#8230;]<\/p>\n<p><a class=\"btn btn-secondary understrap-read-more-link\" href=\"https:\/\/kachelofen.biofire.com\/pl\/kontakt\/\">Czytaj dalej\u2026<span class=\"screen-reader-text\"> from Kontakt<\/span><\/a><\/p>\n","protected":false},"author":1,"featured_media":0,"parent":0,"menu_order":0,"comment_status":"closed","ping_status":"closed","template":"elementor_header_footer","meta":{"footnotes":""},"class_list":["post-895","page","type-page","status-publish","hentry"],"yoast_head":"<!-- This site is optimized with the Yoast SEO plugin v24.4 - https:\/\/yoast.com\/wordpress\/plugins\/seo\/ -->\n<title>Kontakt - Biofire<\/title>\n<meta name=\"robots\" content=\"noindex, follow\" \/>\n<meta property=\"og:locale\" content=\"pl_PL\" \/>\n<meta property=\"og:type\" content=\"article\" \/>\n<meta property=\"og:title\" content=\"Kontakt - Biofire\" \/>\n<meta property=\"og:description\" content=\"Kontakt Obowi\u0105zki informacyjne dostawcy Superfire Kamine- Vertriebs GmbH Mozartstrasse 2 83435 Bad Reichenhall Reprezentowane przez: Dyrektora zarz\u0105dzaj\u0105cego: Herbert Spirk Kontakt: Tel. Freecall: 0800 \u2013 8334380 Fax. Feefax: 0800 \u2013 8334440 e-mail: zentrale-salzburg@biofire.at strona internetowa:\u00a0 www.biofire.at Rejestr handlowy: Numer rejestru handlowego: HRB 1305 S\u0105d: S\u0105d Rejonowy w Traunstein Numer identyfikacji podatkowej: UID-Nr. DE 131563635 Numer podatkowy: [...]Czytaj dalej\u2026 from Kontakt\" \/>\n<meta property=\"og:url\" content=\"https:\/\/kachelofen.biofire.com\/pl\/kontakt\/\" \/>\n<meta property=\"og:site_name\" content=\"Biofire\" \/>\n<meta property=\"article:publisher\" content=\"https:\/\/www.facebook.com\/biofirespeicherkamine\" \/>\n<meta property=\"article:modified_time\" content=\"2025-03-25T18:47:49+00:00\" \/>\n<meta name=\"twitter:card\" content=\"summary_large_image\" \/>\n<meta name=\"twitter:label1\" content=\"Szacowany czas czytania\" \/>\n\t<meta name=\"twitter:data1\" content=\"3 minuty\" \/>\n<script type=\"application\/ld+json\" class=\"yoast-schema-graph\">{\"@context\":\"https:\/\/schema.org\",\"@graph\":[{\"@type\":\"WebPage\",\"@id\":\"https:\/\/kachelofen.biofire.com\/pl\/kontakt\/\",\"url\":\"https:\/\/kachelofen.biofire.com\/pl\/kontakt\/\",\"name\":\"Kontakt - Biofire\",\"isPartOf\":{\"@id\":\"https:\/\/kachelofen.biofire.com\/#website\"},\"datePublished\":\"2024-12-13T11:55:13+00:00\",\"dateModified\":\"2025-03-25T18:47:49+00:00\",\"breadcrumb\":{\"@id\":\"https:\/\/kachelofen.biofire.com\/pl\/kontakt\/#breadcrumb\"},\"inLanguage\":\"pl-PL\",\"potentialAction\":[{\"@type\":\"ReadAction\",\"target\":[\"https:\/\/kachelofen.biofire.com\/pl\/kontakt\/\"]}]},{\"@type\":\"BreadcrumbList\",\"@id\":\"https:\/\/kachelofen.biofire.com\/pl\/kontakt\/#breadcrumb\",\"itemListElement\":[{\"@type\":\"ListItem\",\"position\":1,\"name\":\"Startseite\",\"item\":\"https:\/\/kachelofen.biofire.com\/\"},{\"@type\":\"ListItem\",\"position\":2,\"name\":\"Kontakt\"}]},{\"@type\":\"WebSite\",\"@id\":\"https:\/\/kachelofen.biofire.com\/#website\",\"url\":\"https:\/\/kachelofen.biofire.com\/\",\"name\":\"Biofire Dev\",\"description\":\"Kachel\u00f6fen &amp; Kamine: Kompetente Beratung, Planung, Montage &amp; Produktion aus einer Hand.\",\"publisher\":{\"@id\":\"https:\/\/kachelofen.biofire.com\/#organization\"},\"potentialAction\":[{\"@type\":\"SearchAction\",\"target\":{\"@type\":\"EntryPoint\",\"urlTemplate\":\"https:\/\/kachelofen.biofire.com\/?s={search_term_string}\"},\"query-input\":{\"@type\":\"PropertyValueSpecification\",\"valueRequired\":true,\"valueName\":\"search_term_string\"}}],\"inLanguage\":\"pl-PL\"},{\"@type\":\"Organization\",\"@id\":\"https:\/\/kachelofen.biofire.com\/#organization\",\"name\":\"Biofire Dev\",\"url\":\"https:\/\/kachelofen.biofire.com\/\",\"logo\":{\"@type\":\"ImageObject\",\"inLanguage\":\"pl-PL\",\"@id\":\"https:\/\/kachelofen.biofire.com\/#\/schema\/logo\/image\/\",\"url\":\"https:\/\/kachelofen.biofire.com\/wp-content\/uploads\/2024\/05\/Biofire_logo_grau_rot-1.svg\",\"contentUrl\":\"https:\/\/kachelofen.biofire.com\/wp-content\/uploads\/2024\/05\/Biofire_logo_grau_rot-1.svg\",\"width\":130,\"height\":93,\"caption\":\"Biofire Dev\"},\"image\":{\"@id\":\"https:\/\/kachelofen.biofire.com\/#\/schema\/logo\/image\/\"},\"sameAs\":[\"https:\/\/www.facebook.com\/biofirespeicherkamine\",\"https:\/\/www.instagram.com\/original_biofire\/\",\"https:\/\/www.youtube.com\/@biofiredeutschland1977\"]}]}<\/script>\n<!-- \/ Yoast SEO plugin. -->","yoast_head_json":{"title":"Kontakt - Biofire","robots":{"index":"noindex","follow":"follow"},"og_locale":"pl_PL","og_type":"article","og_title":"Kontakt - Biofire","og_description":"Kontakt Obowi\u0105zki informacyjne dostawcy Superfire Kamine- Vertriebs GmbH Mozartstrasse 2 83435 Bad Reichenhall Reprezentowane przez: Dyrektora zarz\u0105dzaj\u0105cego: Herbert Spirk Kontakt: Tel. Freecall: 0800 \u2013 8334380 Fax. Feefax: 0800 \u2013 8334440 e-mail: zentrale-salzburg@biofire.at strona internetowa:\u00a0 www.biofire.at Rejestr handlowy: Numer rejestru handlowego: HRB 1305 S\u0105d: S\u0105d Rejonowy w Traunstein Numer identyfikacji podatkowej: UID-Nr. DE 131563635 Numer podatkowy: [...]Czytaj dalej\u2026 from Kontakt","og_url":"https:\/\/kachelofen.biofire.com\/pl\/kontakt\/","og_site_name":"Biofire","article_publisher":"https:\/\/www.facebook.com\/biofirespeicherkamine","article_modified_time":"2025-03-25T18:47:49+00:00","twitter_card":"summary_large_image","twitter_misc":{"Szacowany czas czytania":"3 minuty"},"schema":{"@context":"https:\/\/schema.org","@graph":[{"@type":"WebPage","@id":"https:\/\/kachelofen.biofire.com\/pl\/kontakt\/","url":"https:\/\/kachelofen.biofire.com\/pl\/kontakt\/","name":"Kontakt - Biofire","isPartOf":{"@id":"https:\/\/kachelofen.biofire.com\/#website"},"datePublished":"2024-12-13T11:55:13+00:00","dateModified":"2025-03-25T18:47:49+00:00","breadcrumb":{"@id":"https:\/\/kachelofen.biofire.com\/pl\/kontakt\/#breadcrumb"},"inLanguage":"pl-PL","potentialAction":[{"@type":"ReadAction","target":["https:\/\/kachelofen.biofire.com\/pl\/kontakt\/"]}]},{"@type":"BreadcrumbList","@id":"https:\/\/kachelofen.biofire.com\/pl\/kontakt\/#breadcrumb","itemListElement":[{"@type":"ListItem","position":1,"name":"Startseite","item":"https:\/\/kachelofen.biofire.com\/"},{"@type":"ListItem","position":2,"name":"Kontakt"}]},{"@type":"WebSite","@id":"https:\/\/kachelofen.biofire.com\/#website","url":"https:\/\/kachelofen.biofire.com\/","name":"Biofire Dev","description":"Kachel\u00f6fen &amp; Kamine: Kompetente Beratung, Planung, Montage &amp; Produktion aus einer Hand.","publisher":{"@id":"https:\/\/kachelofen.biofire.com\/#organization"},"potentialAction":[{"@type":"SearchAction","target":{"@type":"EntryPoint","urlTemplate":"https:\/\/kachelofen.biofire.com\/?s={search_term_string}"},"query-input":{"@type":"PropertyValueSpecification","valueRequired":true,"valueName":"search_term_string"}}],"inLanguage":"pl-PL"},{"@type":"Organization","@id":"https:\/\/kachelofen.biofire.com\/#organization","name":"Biofire Dev","url":"https:\/\/kachelofen.biofire.com\/","logo":{"@type":"ImageObject","inLanguage":"pl-PL","@id":"https:\/\/kachelofen.biofire.com\/#\/schema\/logo\/image\/","url":"https:\/\/kachelofen.biofire.com\/wp-content\/uploads\/2024\/05\/Biofire_logo_grau_rot-1.svg","contentUrl":"https:\/\/kachelofen.biofire.com\/wp-content\/uploads\/2024\/05\/Biofire_logo_grau_rot-1.svg","width":130,"height":93,"caption":"Biofire Dev"},"image":{"@id":"https:\/\/kachelofen.biofire.com\/#\/schema\/logo\/image\/"},"sameAs":["https:\/\/www.facebook.com\/biofirespeicherkamine","https:\/\/www.instagram.com\/original_biofire\/","https:\/\/www.youtube.com\/@biofiredeutschland1977"]}]}},"_links":{"self":[{"href":"https:\/\/kachelofen.biofire.com\/pl\/wp-json\/wp\/v2\/pages\/895","targetHints":{"allow":["GET"]}}],"collection":[{"href":"https:\/\/kachelofen.biofire.com\/pl\/wp-json\/wp\/v2\/pages"}],"about":[{"href":"https:\/\/kachelofen.biofire.com\/pl\/wp-json\/wp\/v2\/types\/page"}],"author":[{"embeddable":true,"href":"https:\/\/kachelofen.biofire.com\/pl\/wp-json\/wp\/v2\/users\/1"}],"replies":[{"embeddable":true,"href":"https:\/\/kachelofen.biofire.com\/pl\/wp-json\/wp\/v2\/comments?post=895"}],"version-history":[{"count":16,"href":"https:\/\/kachelofen.biofire.com\/pl\/wp-json\/wp\/v2\/pages\/895\/revisions"}],"predecessor-version":[{"id":913,"href":"https:\/\/kachelofen.biofire.com\/pl\/wp-json\/wp\/v2\/pages\/895\/revisions\/913"}],"wp:attachment":[{"href":"https:\/\/kachelofen.biofire.com\/pl\/wp-json\/wp\/v2\/media?parent=895"}],"curies":[{"name":"wp","href":"https:\/\/api.w.org\/{rel}","templated":true}]}}